{"id":12245,"date":"2023-06-05T12:35:38","date_gmt":"2023-06-05T10:35:38","guid":{"rendered":"https:\/\/qant.com\/kontakt\/"},"modified":"2026-04-01T11:07:27","modified_gmt":"2026-04-01T09:07:27","slug":"kontakt","status":"publish","type":"page","link":"https:\/\/qant.com\/de\/kontakt\/","title":{"rendered":"Kontakt"},"content":{"rendered":"\t\t<div data-elementor-type=\"wp-page\" data-elementor-id=\"12245\" class=\"elementor elementor-12245 elementor-6360\" data-elementor-post-type=\"page\">\n\t\t\t\t<div class=\"elementor-element elementor-element-8525fc5 e-flex e-con-boxed e-con e-parent\" data-id=\"8525fc5\" data-element_type=\"container\" data-e-type=\"container\" data-settings=\"{&quot;background_background&quot;:&quot;video&quot;,&quot;background_video_link&quot;:&quot;https:\\\/\\\/qant.com\\\/wp-content\\\/uploads\\\/2025\\\/08\\\/0810-1.mp4&quot;,&quot;background_play_on_mobile&quot;:&quot;yes&quot;,&quot;background_privacy_mode&quot;:&quot;yes&quot;}\">\n\t\t\t\t\t<div class=\"e-con-inner\">\n\t\t<div class=\"elementor-background-video-container\">\n\t\t\t\t\t\t\t<video class=\"elementor-background-video-hosted\" role=\"presentation\" autoplay muted playsinline loop><\/video>\n\t\t\t\t\t<\/div><div class=\"elementor-element elementor-element-b90a579 e-flex e-con-boxed e-con e-child\" data-id=\"b90a579\" data-element_type=\"container\" data-e-type=\"container\">\n\t\t\t\t\t<div class=\"e-con-inner\">\n\t\t<div class=\"elementor-element elementor-element-eb48ebf e-con-full e-flex e-con e-child\" data-id=\"eb48ebf\" data-element_type=\"container\" data-e-type=\"container\">\n\t\t\t\t<div class=\"elementor-element elementor-element-26092cc elementor-widget elementor-widget-heading\" data-id=\"26092cc\" data-element_type=\"widget\" data-e-type=\"widget\" data-widget_type=\"heading.default\">\n\t\t\t\t<div class=\"elementor-widget-container\">\n\t\t\t\t\t<h1 class=\"elementor-heading-title elementor-size-default\">Kontakt aufnehmen<\/h1>\t\t\t\t<\/div>\n\t\t\t\t<\/div>\n\t\t\t\t<div class=\"elementor-element elementor-element-04c4079 elementor-widget elementor-widget-text-editor\" data-id=\"04c4079\" data-element_type=\"widget\" data-e-type=\"widget\" data-widget_type=\"text-editor.default\">\n\t\t\t\t<div class=\"elementor-widget-container\">\n\t\t\t\t\t\t\t\t\t<p>Wir freuen uns darauf, von Ihnen zu h\u00f6ren und alle Ihre Fragen zu beantworten. Nehmen Sie noch heute Kontakt mit uns auf, um ein Gespr\u00e4ch zu beginnen und die M\u00f6glichkeiten einer Zusammenarbeit zu erkunden. <\/p>\t\t\t\t\t\t\t\t<\/div>\n\t\t\t\t<\/div>\n\t\t\t\t<\/div>\n\t\t<div class=\"elementor-element elementor-element-96e48eb e-con-full e-flex e-con e-child\" data-id=\"96e48eb\" data-element_type=\"container\" data-e-type=\"container\">\n\t\t\t\t<div class=\"elementor-element elementor-element-a5f8095 elementor-widget elementor-widget-heading\" data-id=\"a5f8095\" data-element_type=\"widget\" data-e-type=\"widget\" data-widget_type=\"heading.default\">\n\t\t\t\t<div class=\"elementor-widget-container\">\n\t\t\t\t\t<h2 class=\"elementor-heading-title elementor-size-default\">Ich m\u00f6chte mehr erfahren\n<\/h2>\t\t\t\t<\/div>\n\t\t\t\t<\/div>\n\t\t\t\t<div class=\"elementor-element elementor-element-897c397 elementor-widget elementor-widget-html\" data-id=\"897c397\" data-element_type=\"widget\" data-e-type=\"widget\" data-widget_type=\"html.default\">\n\t\t\t\t<div class=\"elementor-widget-container\">\n\t\t\t\t\t<script type=\"text\/javascript\">document.addEventListener('DOMContentLoaded', function() {\n    var submitButton = document.querySelector('.wpforms-submit'); \/\/ Selektor f\u00fcr den Submit-Button\n    if (submitButton) {\n        submitButton.addEventListener('click', function() {\n            \/\/ Hier f\u00fcgst du das Tracking-Event hinzu\n            _paq.push(['trackEvent', 'Forms', 'Form Submit Button', 'Clicked']);\n        });\n    }\n});\n<\/script>\t\t\t\t<\/div>\n\t\t\t\t<\/div>\n\t\t\t\t<div class=\"elementor-element elementor-element-3a08cc3 elementor-widget elementor-widget-elementskit-contact-form7\" data-id=\"3a08cc3\" data-element_type=\"widget\" data-e-type=\"widget\" data-widget_type=\"elementskit-contact-form7.default\">\n\t\t\t\t<div class=\"elementor-widget-container\">\n\t\t\t\t\t<div class=\"ekit-wid-con\" ><div class=\"ekit-form\">\n<div class=\"wpcf7 no-js\" id=\"wpcf7-f16368-o1\" lang=\"en-US\" dir=\"ltr\" data-wpcf7-id=\"16368\">\n<div class=\"screen-reader-response\"><p role=\"status\" aria-live=\"polite\" aria-atomic=\"true\"><\/p> <ul><\/ul><\/div>\n<form action=\"\/de\/wp-json\/wp\/v2\/pages\/12245#wpcf7-f16368-o1\" method=\"post\" class=\"wpcf7-form init\" aria-label=\"Contact form\" novalidate=\"novalidate\" data-status=\"init\">\n<fieldset class=\"hidden-fields-container\"><input type=\"hidden\" name=\"_wpcf7\" value=\"16368\" \/><input type=\"hidden\" name=\"_wpcf7_version\" value=\"6.1.5\" \/><input type=\"hidden\" name=\"_wpcf7_locale\" value=\"en_US\" \/><input type=\"hidden\" name=\"_wpcf7_unit_tag\" value=\"wpcf7-f16368-o1\" \/><input type=\"hidden\" name=\"_wpcf7_container_post\" value=\"0\" \/><input type=\"hidden\" name=\"_wpcf7_posted_data_hash\" value=\"\" \/>\n<\/fieldset>\n<div class=\"vc_col-sm-6 spalte-links\">\n\t<p><span class=\"wpcf7-form-control-wrap\" data-name=\"name-1\"><input size=\"40\" maxlength=\"400\" class=\"wpcf7-form-control wpcf7-text wpcf7-validates-as-required\" aria-required=\"true\" aria-invalid=\"false\" placeholder=\"Name*\" value=\"\" type=\"text\" name=\"name-1\" \/><\/span>\n\t<\/p>\n\t<p><span class=\"wpcf7-form-control-wrap\" data-name=\"firma\"><input size=\"40\" maxlength=\"400\" class=\"wpcf7-form-control wpcf7-text wpcf7-validates-as-required\" aria-required=\"true\" aria-invalid=\"false\" placeholder=\"Company*\" value=\"\" type=\"text\" name=\"firma\" \/><\/span>\n\t<\/p>\n<\/div>\n<div class=\"vc_col-sm-6 spalte-rechts\">\n\t<p><span class=\"wpcf7-form-control-wrap\" data-name=\"email\"><input size=\"40\" maxlength=\"400\" class=\"wpcf7-form-control wpcf7-email wpcf7-validates-as-required wpcf7-text wpcf7-validates-as-email\" aria-required=\"true\" aria-invalid=\"false\" placeholder=\"Email*\" value=\"\" type=\"email\" name=\"email\" \/><\/span>\n\t<\/p>\n\t<p><span class=\"wpcf7-form-control-wrap\" data-name=\"tel\"><input size=\"40\" maxlength=\"400\" class=\"wpcf7-form-control wpcf7-tel wpcf7-text wpcf7-validates-as-tel\" aria-invalid=\"false\" placeholder=\"Phone\" value=\"\" type=\"tel\" name=\"tel\" \/><\/span>\n\t<\/p>\n<\/div>\n<p><span id=\"wpcf7-69dcc10d50c6a-wrapper\" class=\"wpcf7-form-control-wrap e-mail-wrap\" style=\"display:none !important; visibility:hidden !important;\"><label for=\"wpcf7-69dcc10d50c6a-field\" class=\"hp-message\">Please leave this field empty.<\/label><input id=\"wpcf7-69dcc10d50c6a-field\"  class=\"wpcf7-form-control wpcf7-text\" type=\"text\" name=\"e-mail\" value=\"\" size=\"40\" tabindex=\"-1\" autocomplete=\"new-password\" \/><\/span>\n<\/p>\n<p><span class=\"wpcf7-form-control-wrap\" data-name=\"Nachricht\"><textarea cols=\"40\" rows=\"10\" maxlength=\"2000\" class=\"wpcf7-form-control wpcf7-textarea wpcf7-validates-as-required\" aria-required=\"true\" aria-invalid=\"false\" placeholder=\"Notes\/remarks*\" name=\"Nachricht\"><\/textarea><\/span>\n<\/p>\n<div class=\"vc_white\">\n\t<p><span class=\"wpcf7-form-control-wrap\" data-name=\"datenschutz\"><span class=\"wpcf7-form-control wpcf7-acceptance\"><span class=\"wpcf7-list-item\"><label><input type=\"checkbox\" name=\"datenschutz\" value=\"1\" aria-invalid=\"false\" \/><span class=\"wpcf7-list-item-label\"><a href=\"https:\/\/qant.com\/privacy-policy\/\"><font color=white>I have read and agree to the Privacy Policy<\/a>.*<\/font><\/span><\/label><\/span><\/span><\/span>\n\t<\/p>\n\t<font color=white>Please enter the characters shown in the image:\n\t<\/font>\n\t<p><input type=\"hidden\" name=\"_wpcf7_captcha_challenge_captcha-170\" value=\"1903173508\" \/><img decoding=\"async\" class=\"wpcf7-form-control wpcf7-captchac wpcf7-captcha-captcha-170\" width=\"72\" height=\"24\" alt=\"captcha\" src=\"https:\/\/qant.com\/wp-content\/uploads\/wpcf7_captcha\/1903173508.png\" \/>\n\t<\/p>\n<\/div>\n<p><span class=\"wpcf7-form-control-wrap\" data-name=\"captcha-170\"><input size=\"4\" maxlength=\"4\" class=\"wpcf7-form-control wpcf7-captchar\" autocomplete=\"off\" aria-invalid=\"false\" value=\"\" type=\"text\" name=\"captcha-170\" \/><\/span>\n<\/p>\n<p><small>\n\t\t<font color=white>*required\n\t\t<\/font><\/small>\n<\/p>\n<p><input class=\"wpcf7-form-control wpcf7-submit has-spinner\" type=\"submit\" value=\"Submit\" \/>\n<\/p><div class=\"wpcf7-response-output\" aria-hidden=\"true\"><\/div>\n<\/form>\n<\/div>\n<\/div><\/div>\t\t\t\t<\/div>\n\t\t\t\t<\/div>\n\t\t\t\t<\/div>\n\t\t\t\t\t<\/div>\n\t\t\t\t<\/div>\n\t\t\t\t\t<\/div>\n\t\t\t\t<\/div>\n\t\t<div class=\"elementor-element elementor-element-2cf9a3e e-flex e-con-boxed e-con e-parent\" data-id=\"2cf9a3e\" data-element_type=\"container\" data-e-type=\"container\" data-settings=\"{&quot;background_background&quot;:&quot;classic&quot;}\">\n\t\t\t\t\t<div class=\"e-con-inner\">\n\t\t<div class=\"elementor-element elementor-element-39379ca e-flex e-con-boxed e-con e-child\" data-id=\"39379ca\" data-element_type=\"container\" data-e-type=\"container\">\n\t\t\t\t\t<div class=\"e-con-inner\">\n\t\t\t\t<div class=\"elementor-element elementor-element-92d70b6 elementor-widget elementor-widget-heading\" data-id=\"92d70b6\" data-element_type=\"widget\" data-e-type=\"widget\" data-widget_type=\"heading.default\">\n\t\t\t\t<div class=\"elementor-widget-container\">\n\t\t\t\t\t<h2 class=\"elementor-heading-title elementor-size-default\">Presseanfragen <\/h2>\t\t\t\t<\/div>\n\t\t\t\t<\/div>\n\t\t\t\t<div class=\"elementor-element elementor-element-8c37094 elementor-widget-mobile__width-initial elementor-widget elementor-widget-text-editor\" data-id=\"8c37094\" data-element_type=\"widget\" data-e-type=\"widget\" data-widget_type=\"text-editor.default\">\n\t\t\t\t<div class=\"elementor-widget-container\">\n\t\t\t\t\t\t\t\t\t<p><span style=\"color: #000000;\">F\u00fcr Presseanfragen, Interviews oder Medieninformationen kontaktieren Sie bitte unser PR-Team unter pr@qant.com.<\/span><\/p>\t\t\t\t\t\t\t\t<\/div>\n\t\t\t\t<\/div>\n\t\t\t\t\t<\/div>\n\t\t\t\t<\/div>\n\t\t\t\t<div class=\"elementor-element elementor-element-9c732fa elementor-widget elementor-widget-button\" data-id=\"9c732fa\" data-element_type=\"widget\" data-e-type=\"widget\" data-widget_type=\"button.default\">\n\t\t\t\t<div class=\"elementor-widget-container\">\n\t\t\t\t\t\t\t\t\t<div class=\"elementor-button-wrapper\">\n\t\t\t\t\t<a class=\"elementor-button elementor-button-link elementor-size-sm\" href=\"mailto:pr@qant.com\">\n\t\t\t\t\t\t<span class=\"elementor-button-content-wrapper\">\n\t\t\t\t\t\t\t\t\t<span class=\"elementor-button-text\">Kontaktieren Sie uns<\/span>\n\t\t\t\t\t<\/span>\n\t\t\t\t\t<\/a>\n\t\t\t\t<\/div>\n\t\t\t\t\t\t\t\t<\/div>\n\t\t\t\t<\/div>\n\t\t\t\t\t<\/div>\n\t\t\t\t<\/div>\n\t\t\t\t<\/div>\n\t\t","protected":false},"excerpt":{"rendered":"<p>Kontakt aufnehmen Wir freuen uns darauf, von Ihnen zu h\u00f6ren und alle Ihre Fragen zu beantworten. Nehmen Sie noch heute Kontakt mit uns auf, um ein Gespr\u00e4ch zu beginnen und die M\u00f6glichkeiten einer Zusammenarbeit zu erkunden. Ich m\u00f6chte mehr erfahren Please leave this field empty. I have read and agree to the Privacy Policy.* Please [&hellip;]<\/p>\n","protected":false},"author":4,"featured_media":9173,"parent":0,"menu_order":23,"comment_status":"closed","ping_status":"closed","template":"","meta":{"_acf_changed":false,"footnotes":""},"class_list":["post-12245","page","type-page","status-publish","has-post-thumbnail","hentry"],"acf":[],"yoast_head":"<!-- This site is optimized with the Yoast SEO plugin v27.2 - https:\/\/yoast.com\/product\/yoast-seo-wordpress\/ -->\n<title>Kontakt - Q.ANT<\/title>\n<meta name=\"description\" content=\"Haben Sie Fragen oder m\u00f6chten Sie mehr \u00fcber unsere L\u00f6sungen im Bereich Quantentechnologie erfahren? Setzen Sie sich mit unseren Experten in Verbindung \u2013 unser Team ist f\u00fcr Sie da.\" \/>\n<meta name=\"robots\" content=\"index, follow, max-snippet:-1, max-image-preview:large, max-video-preview:-1\" \/>\n<link rel=\"canonical\" href=\"https:\/\/qant.com\/de\/kontakt\/\" \/>\n<meta property=\"og:locale\" content=\"de_DE\" \/>\n<meta property=\"og:type\" content=\"article\" \/>\n<meta property=\"og:title\" content=\"Kontakt - Q.ANT\" \/>\n<meta property=\"og:description\" content=\"Haben Sie Fragen oder m\u00f6chten Sie mehr \u00fcber unsere L\u00f6sungen im Bereich Quantentechnologie erfahren? Setzen Sie sich mit unseren Experten in Verbindung \u2013 unser Team ist f\u00fcr Sie da.\" \/>\n<meta property=\"og:url\" content=\"https:\/\/qant.com\/de\/kontakt\/\" \/>\n<meta property=\"og:site_name\" content=\"Q.ANT\" \/>\n<meta property=\"article:modified_time\" content=\"2026-04-01T09:07:27+00:00\" \/>\n<meta property=\"og:image\" content=\"https:\/\/qant.com\/wp-content\/uploads\/2023\/06\/230117-LH-holding-a-wafer-HQ-Large-scaled.jpg\" \/>\n\t<meta property=\"og:image:width\" content=\"2560\" \/>\n\t<meta property=\"og:image:height\" content=\"1707\" \/>\n\t<meta property=\"og:image:type\" content=\"image\/jpeg\" \/>\n<meta name=\"twitter:card\" content=\"summary_large_image\" \/>\n<meta name=\"twitter:label1\" content=\"Gesch\u00e4tzte Lesezeit\" \/>\n\t<meta name=\"twitter:data1\" content=\"1\u00a0Minute\" \/>\n<script type=\"application\/ld+json\" class=\"yoast-schema-graph\">{\"@context\":\"https:\/\/schema.org\",\"@graph\":[{\"@type\":\"WebPage\",\"@id\":\"https:\/\/qant.com\/de\/kontakt\/\",\"url\":\"https:\/\/qant.com\/de\/kontakt\/\",\"name\":\"Kontakt - Q.ANT\",\"isPartOf\":{\"@id\":\"https:\/\/qant.com\/de\/#website\"},\"primaryImageOfPage\":{\"@id\":\"https:\/\/qant.com\/de\/kontakt\/#primaryimage\"},\"image\":{\"@id\":\"https:\/\/qant.com\/de\/kontakt\/#primaryimage\"},\"thumbnailUrl\":\"https:\/\/qant.com\/wp-content\/uploads\/2023\/06\/230117-LH-holding-a-wafer-HQ-Large-scaled.jpg\",\"datePublished\":\"2023-06-05T10:35:38+00:00\",\"dateModified\":\"2026-04-01T09:07:27+00:00\",\"description\":\"Haben Sie Fragen oder m\u00f6chten Sie mehr \u00fcber unsere L\u00f6sungen im Bereich Quantentechnologie erfahren? Setzen Sie sich mit unseren Experten in Verbindung \u2013 unser Team ist f\u00fcr Sie da.\",\"breadcrumb\":{\"@id\":\"https:\/\/qant.com\/de\/kontakt\/#breadcrumb\"},\"inLanguage\":\"de\",\"potentialAction\":[{\"@type\":\"ReadAction\",\"target\":[\"https:\/\/qant.com\/de\/kontakt\/\"]}]},{\"@type\":\"ImageObject\",\"inLanguage\":\"de\",\"@id\":\"https:\/\/qant.com\/de\/kontakt\/#primaryimage\",\"url\":\"https:\/\/qant.com\/wp-content\/uploads\/2023\/06\/230117-LH-holding-a-wafer-HQ-Large-scaled.jpg\",\"contentUrl\":\"https:\/\/qant.com\/wp-content\/uploads\/2023\/06\/230117-LH-holding-a-wafer-HQ-Large-scaled.jpg\",\"width\":2560,\"height\":1707},{\"@type\":\"BreadcrumbList\",\"@id\":\"https:\/\/qant.com\/de\/kontakt\/#breadcrumb\",\"itemListElement\":[{\"@type\":\"ListItem\",\"position\":1,\"name\":\"Startseite\",\"item\":\"https:\/\/qant.com\/de\/homepage-2\/\"},{\"@type\":\"ListItem\",\"position\":2,\"name\":\"Kontakt\"}]},{\"@type\":\"WebSite\",\"@id\":\"https:\/\/qant.com\/de\/#website\",\"url\":\"https:\/\/qant.com\/de\/\",\"name\":\"Q.ANT\",\"description\":\"Pioneering Photonic Quantum Technologies\",\"publisher\":{\"@id\":\"https:\/\/qant.com\/de\/#organization\"},\"potentialAction\":[{\"@type\":\"SearchAction\",\"target\":{\"@type\":\"EntryPoint\",\"urlTemplate\":\"https:\/\/qant.com\/de\/?s={search_term_string}\"},\"query-input\":{\"@type\":\"PropertyValueSpecification\",\"valueRequired\":true,\"valueName\":\"search_term_string\"}}],\"inLanguage\":\"de\"},{\"@type\":\"Organization\",\"@id\":\"https:\/\/qant.com\/de\/#organization\",\"name\":\"Q.ANT GmbH\",\"alternateName\":\"Q.ANT\",\"url\":\"https:\/\/qant.com\/de\/\",\"logo\":{\"@type\":\"ImageObject\",\"inLanguage\":\"de\",\"@id\":\"https:\/\/qant.com\/de\/#\/schema\/logo\/image\/\",\"url\":\"https:\/\/qant.com\/wp-content\/uploads\/2023\/03\/qant-logo.svg\",\"contentUrl\":\"https:\/\/qant.com\/wp-content\/uploads\/2023\/03\/qant-logo.svg\",\"width\":369,\"height\":112,\"caption\":\"Q.ANT GmbH\"},\"image\":{\"@id\":\"https:\/\/qant.com\/de\/#\/schema\/logo\/image\/\"},\"sameAs\":[\"https:\/\/www.linkedin.com\/company\/qant\/\"]}]}<\/script>\n<!-- \/ Yoast SEO plugin. -->","yoast_head_json":{"title":"Kontakt - Q.ANT","description":"Haben Sie Fragen oder m\u00f6chten Sie mehr \u00fcber unsere L\u00f6sungen im Bereich Quantentechnologie erfahren? Setzen Sie sich mit unseren Experten in Verbindung \u2013 unser Team ist f\u00fcr Sie da.","robots":{"index":"index","follow":"follow","max-snippet":"max-snippet:-1","max-image-preview":"max-image-preview:large","max-video-preview":"max-video-preview:-1"},"canonical":"https:\/\/qant.com\/de\/kontakt\/","og_locale":"de_DE","og_type":"article","og_title":"Kontakt - Q.ANT","og_description":"Haben Sie Fragen oder m\u00f6chten Sie mehr \u00fcber unsere L\u00f6sungen im Bereich Quantentechnologie erfahren? Setzen Sie sich mit unseren Experten in Verbindung \u2013 unser Team ist f\u00fcr Sie da.","og_url":"https:\/\/qant.com\/de\/kontakt\/","og_site_name":"Q.ANT","article_modified_time":"2026-04-01T09:07:27+00:00","og_image":[{"width":2560,"height":1707,"url":"https:\/\/qant.com\/wp-content\/uploads\/2023\/06\/230117-LH-holding-a-wafer-HQ-Large-scaled.jpg","type":"image\/jpeg"}],"twitter_card":"summary_large_image","twitter_misc":{"Gesch\u00e4tzte Lesezeit":"1\u00a0Minute"},"schema":{"@context":"https:\/\/schema.org","@graph":[{"@type":"WebPage","@id":"https:\/\/qant.com\/de\/kontakt\/","url":"https:\/\/qant.com\/de\/kontakt\/","name":"Kontakt - Q.ANT","isPartOf":{"@id":"https:\/\/qant.com\/de\/#website"},"primaryImageOfPage":{"@id":"https:\/\/qant.com\/de\/kontakt\/#primaryimage"},"image":{"@id":"https:\/\/qant.com\/de\/kontakt\/#primaryimage"},"thumbnailUrl":"https:\/\/qant.com\/wp-content\/uploads\/2023\/06\/230117-LH-holding-a-wafer-HQ-Large-scaled.jpg","datePublished":"2023-06-05T10:35:38+00:00","dateModified":"2026-04-01T09:07:27+00:00","description":"Haben Sie Fragen oder m\u00f6chten Sie mehr \u00fcber unsere L\u00f6sungen im Bereich Quantentechnologie erfahren? Setzen Sie sich mit unseren Experten in Verbindung \u2013 unser Team ist f\u00fcr Sie da.","breadcrumb":{"@id":"https:\/\/qant.com\/de\/kontakt\/#breadcrumb"},"inLanguage":"de","potentialAction":[{"@type":"ReadAction","target":["https:\/\/qant.com\/de\/kontakt\/"]}]},{"@type":"ImageObject","inLanguage":"de","@id":"https:\/\/qant.com\/de\/kontakt\/#primaryimage","url":"https:\/\/qant.com\/wp-content\/uploads\/2023\/06\/230117-LH-holding-a-wafer-HQ-Large-scaled.jpg","contentUrl":"https:\/\/qant.com\/wp-content\/uploads\/2023\/06\/230117-LH-holding-a-wafer-HQ-Large-scaled.jpg","width":2560,"height":1707},{"@type":"BreadcrumbList","@id":"https:\/\/qant.com\/de\/kontakt\/#breadcrumb","itemListElement":[{"@type":"ListItem","position":1,"name":"Startseite","item":"https:\/\/qant.com\/de\/homepage-2\/"},{"@type":"ListItem","position":2,"name":"Kontakt"}]},{"@type":"WebSite","@id":"https:\/\/qant.com\/de\/#website","url":"https:\/\/qant.com\/de\/","name":"Q.ANT","description":"Pioneering Photonic Quantum Technologies","publisher":{"@id":"https:\/\/qant.com\/de\/#organization"},"potentialAction":[{"@type":"SearchAction","target":{"@type":"EntryPoint","urlTemplate":"https:\/\/qant.com\/de\/?s={search_term_string}"},"query-input":{"@type":"PropertyValueSpecification","valueRequired":true,"valueName":"search_term_string"}}],"inLanguage":"de"},{"@type":"Organization","@id":"https:\/\/qant.com\/de\/#organization","name":"Q.ANT GmbH","alternateName":"Q.ANT","url":"https:\/\/qant.com\/de\/","logo":{"@type":"ImageObject","inLanguage":"de","@id":"https:\/\/qant.com\/de\/#\/schema\/logo\/image\/","url":"https:\/\/qant.com\/wp-content\/uploads\/2023\/03\/qant-logo.svg","contentUrl":"https:\/\/qant.com\/wp-content\/uploads\/2023\/03\/qant-logo.svg","width":369,"height":112,"caption":"Q.ANT GmbH"},"image":{"@id":"https:\/\/qant.com\/de\/#\/schema\/logo\/image\/"},"sameAs":["https:\/\/www.linkedin.com\/company\/qant\/"]}]}},"_links":{"self":[{"href":"https:\/\/qant.com\/de\/wp-json\/wp\/v2\/pages\/12245","targetHints":{"allow":["GET"]}}],"collection":[{"href":"https:\/\/qant.com\/de\/wp-json\/wp\/v2\/pages"}],"about":[{"href":"https:\/\/qant.com\/de\/wp-json\/wp\/v2\/types\/page"}],"author":[{"embeddable":true,"href":"https:\/\/qant.com\/de\/wp-json\/wp\/v2\/users\/4"}],"replies":[{"embeddable":true,"href":"https:\/\/qant.com\/de\/wp-json\/wp\/v2\/comments?post=12245"}],"version-history":[{"count":10,"href":"https:\/\/qant.com\/de\/wp-json\/wp\/v2\/pages\/12245\/revisions"}],"predecessor-version":[{"id":18805,"href":"https:\/\/qant.com\/de\/wp-json\/wp\/v2\/pages\/12245\/revisions\/18805"}],"wp:featuredmedia":[{"embeddable":true,"href":"https:\/\/qant.com\/de\/wp-json\/wp\/v2\/media\/9173"}],"wp:attachment":[{"href":"https:\/\/qant.com\/de\/wp-json\/wp\/v2\/media?parent=12245"}],"curies":[{"name":"wp","href":"https:\/\/api.w.org\/{rel}","templated":true}]}}